{"id":3477,"date":"2026-04-26T18:53:42","date_gmt":"2026-04-26T16:53:42","guid":{"rendered":"https:\/\/vug.local\/?page_id=3477"},"modified":"2026-04-26T21:38:06","modified_gmt":"2026-04-26T19:38:06","slug":"direktbuchung","status":"publish","type":"page","link":"https:\/\/www.villa-undine-groemitz.de\/en\/direktbuchung\/","title":{"rendered":"Buchungs-Weiche"},"content":{"rendered":"<div data-elementor-type=\"wp-page\" data-elementor-id=\"3477\" class=\"elementor elementor-3477\" data-elementor-post-type=\"page\">\n\t\t\t\t\t\t<section class=\"elementor-section elementor-top-section elementor-element elementor-element-4a41be9 elementor-section-boxed elementor-section-height-default elementor-section-height-default\" data-id=\"4a41be9\" data-element_type=\"section\" data-e-type=\"section\">\n\t\t\t\t\t\t<div class=\"elementor-container elementor-column-gap-default\">\n\t\t\t\t\t<div class=\"elementor-column elementor-col-100 elementor-top-column elementor-element elementor-element-e9b2206\" data-id=\"e9b2206\" data-element_type=\"column\" data-e-type=\"column\">\n\t\t\t<div class=\"elementor-widget-wrap\">\n\t\t\t\t\t\t\t<\/div>\n\t\t<\/div>\n\t\t\t\t\t<\/div>\n\t\t<\/section>\n\t\t\t\t<section class=\"elementor-section elementor-top-section elementor-element elementor-element-9ef57b9 ct-section-stretched elementor-section-full_width elementor-section-height-default elementor-section-height-default\" data-id=\"9ef57b9\" data-element_type=\"section\" data-e-type=\"section\">\n\t\t\t\t\t\t<div class=\"elementor-container elementor-column-gap-no\">\n\t\t\t\t\t<div class=\"elementor-column elementor-col-100 elementor-top-column elementor-element elementor-element-34d77ff\" data-id=\"34d77ff\" data-element_type=\"column\" data-e-type=\"column\">\n\t\t\t<div class=\"elementor-widget-wrap elementor-element-populated\">\n\t\t\t\t\t\t<div class=\"elementor-element elementor-element-5d2b827 elementor-widget elementor-widget-image\" data-id=\"5d2b827\" data-element_type=\"widget\" data-e-type=\"widget\" data-widget_type=\"image.default\">\n\t\t\t\t<div class=\"elementor-widget-container\">\n\t\t\t\t\t\t\t\t\t\t\t\t\t\t\t<img fetchpriority=\"high\" decoding=\"async\" width=\"1536\" height=\"319\" src=\"https:\/\/www.villa-undine-groemitz.de\/wp-content\/uploads\/2026\/04\/groemitz_seebruecke2634-1920x400-Kopie.jpg\" class=\"attachment-2048x2048 size-2048x2048 wp-image-3497\" alt=\"\" srcset=\"https:\/\/www.villa-undine-groemitz.de\/wp-content\/uploads\/2026\/04\/groemitz_seebruecke2634-1920x400-Kopie.jpg 1536w, https:\/\/www.villa-undine-groemitz.de\/wp-content\/uploads\/2026\/04\/groemitz_seebruecke2634-1920x400-Kopie-300x62.jpg 300w, https:\/\/www.villa-undine-groemitz.de\/wp-content\/uploads\/2026\/04\/groemitz_seebruecke2634-1920x400-Kopie-1024x213.jpg 1024w, https:\/\/www.villa-undine-groemitz.de\/wp-content\/uploads\/2026\/04\/groemitz_seebruecke2634-1920x400-Kopie-150x31.jpg 150w, https:\/\/www.villa-undine-groemitz.de\/wp-content\/uploads\/2026\/04\/groemitz_seebruecke2634-1920x400-Kopie-768x160.jpg 768w, https:\/\/www.villa-undine-groemitz.de\/wp-content\/uploads\/2026\/04\/groemitz_seebruecke2634-1920x400-Kopie-18x4.jpg 18w\" sizes=\"(max-width: 1536px) 100vw, 1536px\" \/>\t\t\t\t\t\t\t\t\t\t\t\t\t\t\t<\/div>\n\t\t\t\t<\/div>\n\t\t\t\t\t<\/div>\n\t\t<\/div>\n\t\t\t\t\t<\/div>\n\t\t<\/section>\n\t\t\t\t<section class=\"elementor-section elementor-top-section elementor-element elementor-element-6d5f316 ct-section-stretched elementor-section-full_width elementor-section-height-default elementor-section-height-default elementor-invisible\" data-id=\"6d5f316\" data-element_type=\"section\" data-e-type=\"section\" data-settings=\"{&quot;background_background&quot;:&quot;classic&quot;,&quot;animation&quot;:&quot;fadeIn&quot;,&quot;animation_delay&quot;:500}\">\n\t\t\t\t\t\t\t<div class=\"elementor-background-overlay\"><\/div>\n\t\t\t\t\t\t\t<div class=\"elementor-container elementor-column-gap-no\">\n\t\t\t\t\t<div class=\"elementor-column elementor-col-100 elementor-top-column elementor-element elementor-element-ec7dde8\" data-id=\"ec7dde8\" data-element_type=\"column\" data-e-type=\"column\">\n\t\t\t<div class=\"elementor-widget-wrap elementor-element-populated\">\n\t\t\t\t\t\t<div class=\"elementor-element elementor-element-45fec48 elementor-widget elementor-widget-text-editor\" data-id=\"45fec48\" data-element_type=\"widget\" data-e-type=\"widget\" data-widget_type=\"text-editor.default\">\n\t\t\t\t<div class=\"elementor-widget-container\">\n\t\t\t\t\t\t\t\t\t<p data-start=\"565\" data-end=\"600\">Direct Booking<\/p>\t\t\t\t\t\t\t\t<\/div>\n\t\t\t\t<\/div>\n\t\t\t\t<div class=\"elementor-element elementor-element-97c8b5c elementor-widget elementor-widget-heading\" data-id=\"97c8b5c\" data-element_type=\"widget\" data-e-type=\"widget\" data-widget_type=\"heading.default\">\n\t\t\t\t<div class=\"elementor-widget-container\">\n\t\t\t\t\t<h2 class=\"elementor-heading-title elementor-size-default\">Choose Your Stay\n<\/h2>\t\t\t\t<\/div>\n\t\t\t\t<\/div>\n\t\t\t\t\t<\/div>\n\t\t<\/div>\n\t\t\t\t\t<\/div>\n\t\t<\/section>\n\t\t\t\t<section class=\"elementor-section elementor-top-section elementor-element elementor-element-fa11c91 ct-section-stretched elementor-section-full_width elementor-section-content-middle elementor-section-height-default elementor-section-height-default\" data-id=\"fa11c91\" data-element_type=\"section\" data-e-type=\"section\">\n\t\t\t\t\t\t<div class=\"elementor-container elementor-column-gap-no\">\n\t\t\t\t\t<div class=\"elementor-column elementor-col-100 elementor-top-column elementor-element elementor-element-464eb89\" data-id=\"464eb89\" data-element_type=\"column\" data-e-type=\"column\">\n\t\t\t<div class=\"elementor-widget-wrap elementor-element-populated\">\n\t\t\t\t\t\t<div class=\"elementor-element elementor-element-1cc0fe9 elementor-widget elementor-widget-text-editor\" data-id=\"1cc0fe9\" data-element_type=\"widget\" data-e-type=\"widget\" data-widget_type=\"text-editor.default\">\n\t\t\t\t<div class=\"elementor-widget-container\">\n\t\t\t\t\t\t\t\t\t<p data-start=\"1044\" data-end=\"1170\" class=\"translation-block\">For your direct booking, please select the accommodation you would like to book. \nThis will take you straight to the appropriate booking page.<\/p>\t\t\t\t\t\t\t\t<\/div>\n\t\t\t\t<\/div>\n\t\t\t\t\t<\/div>\n\t\t<\/div>\n\t\t\t\t\t<\/div>\n\t\t<\/section>\n\t\t\t\t<section class=\"elementor-section elementor-top-section elementor-element elementor-element-1b73b0e elementor-section-boxed elementor-section-height-default elementor-section-height-default\" data-id=\"1b73b0e\" data-element_type=\"section\" data-e-type=\"section\">\n\t\t\t\t\t\t<div class=\"elementor-container elementor-column-gap-default\">\n\t\t\t\t\t<div class=\"elementor-column elementor-col-50 elementor-top-column elementor-element elementor-element-fa8bb0d\" data-id=\"fa8bb0d\" data-element_type=\"column\" data-e-type=\"column\">\n\t\t\t<div class=\"elementor-widget-wrap elementor-element-populated\">\n\t\t\t\t\t\t<div class=\"elementor-element elementor-element-0deae5e elementor-widget elementor-widget-image\" data-id=\"0deae5e\" data-element_type=\"widget\" data-e-type=\"widget\" data-widget_type=\"image.default\">\n\t\t\t\t<div class=\"elementor-widget-container\">\n\t\t\t\t\t\t\t\t\t\t\t\t\t\t\t<img decoding=\"async\" width=\"150\" height=\"69\" src=\"https:\/\/www.villa-undine-groemitz.de\/wp-content\/uploads\/2021\/06\/VillaUndine-TextundLogo-150x69.png\" class=\"attachment-thumbnail size-thumbnail wp-image-36\" alt=\"\" srcset=\"https:\/\/www.villa-undine-groemitz.de\/wp-content\/uploads\/2021\/06\/VillaUndine-TextundLogo-150x69.png 150w, https:\/\/www.villa-undine-groemitz.de\/wp-content\/uploads\/2021\/06\/VillaUndine-TextundLogo-300x139.png 300w, https:\/\/www.villa-undine-groemitz.de\/wp-content\/uploads\/2021\/06\/VillaUndine-TextundLogo.png 768w\" sizes=\"(max-width: 150px) 100vw, 150px\" \/>\t\t\t\t\t\t\t\t\t\t\t\t\t\t\t<\/div>\n\t\t\t\t<\/div>\n\t\t\t\t<div class=\"elementor-element elementor-element-4a0b182 elementor-widget elementor-widget-heading\" data-id=\"4a0b182\" data-element_type=\"widget\" data-e-type=\"widget\" data-widget_type=\"heading.default\">\n\t\t\t\t<div class=\"elementor-widget-container\">\n\t\t\t\t\t<h2 class=\"elementor-heading-title elementor-size-default\">Hotel Villa Undine<\/h2>\t\t\t\t<\/div>\n\t\t\t\t<\/div>\n\t\t\t\t<div class=\"elementor-element elementor-element-edefc2e elementor-widget elementor-widget-text-editor\" data-id=\"edefc2e\" data-element_type=\"widget\" data-e-type=\"widget\" data-widget_type=\"text-editor.default\">\n\t\t\t\t<div class=\"elementor-widget-container\">\n\t\t\t\t\t\t\t\t\t<p data-start=\"565\" data-end=\"600\" class=\"translation-block\">Book your room or suite at Villa Undine here \u2013 directly, conveniently and at the best available rate.<\/p>\t\t\t\t\t\t\t\t<\/div>\n\t\t\t\t<\/div>\n\t\t\t\t<div class=\"elementor-element elementor-element-4637249 elementor-align-center d21-trigger-ibe elementor-widget elementor-widget-button\" data-id=\"4637249\" data-element_type=\"widget\" data-e-type=\"widget\" data-widget_type=\"button.default\">\n\t\t\t\t<div class=\"elementor-widget-container\">\n\t\t\t\t\t\t\t\t\t<div class=\"elementor-button-wrapper\">\n\t\t\t\t\t<a class=\"elementor-button elementor-button-link elementor-size-sm\" href=\"https:\/\/app.mews.com\/distributor\/93d4a336-75fb-4a60-bd19-b3ee01606301?language=en-GB\">\n\t\t\t\t\t\t<span class=\"elementor-button-content-wrapper\">\n\t\t\t\t\t\t<span class=\"elementor-button-icon\">\n\t\t\t\t<i aria-hidden=\"true\" class=\"fas fa-arrow-right\"><\/i>\t\t\t<\/span>\n\t\t\t\t\t\t\t\t\t<span class=\"elementor-button-text\">BOOK ROOM OR SUITE<\/span>\n\t\t\t\t\t<\/span>\n\t\t\t\t\t<\/a>\n\t\t\t\t<\/div>\n\t\t\t\t\t\t\t\t<\/div>\n\t\t\t\t<\/div>\n\t\t\t\t\t<\/div>\n\t\t<\/div>\n\t\t\t\t<div class=\"elementor-column elementor-col-50 elementor-top-column elementor-element elementor-element-cbef3cf\" data-id=\"cbef3cf\" data-element_type=\"column\" data-e-type=\"column\">\n\t\t\t<div class=\"elementor-widget-wrap elementor-element-populated\">\n\t\t\t\t\t\t<div class=\"elementor-element elementor-element-5aa41a8 elementor-widget elementor-widget-image\" data-id=\"5aa41a8\" data-element_type=\"widget\" data-e-type=\"widget\" data-widget_type=\"image.default\">\n\t\t\t\t<div class=\"elementor-widget-container\">\n\t\t\t\t\t\t\t\t\t\t\t\t\t\t\t<img decoding=\"async\" width=\"150\" height=\"67\" src=\"https:\/\/www.villa-undine-groemitz.de\/wp-content\/uploads\/2021\/06\/Christel-TextundLogo-150x67.png\" class=\"attachment-thumbnail size-thumbnail wp-image-763\" alt=\"\" srcset=\"https:\/\/www.villa-undine-groemitz.de\/wp-content\/uploads\/2021\/06\/Christel-TextundLogo-150x67.png 150w, https:\/\/www.villa-undine-groemitz.de\/wp-content\/uploads\/2021\/06\/Christel-TextundLogo-300x133.png 300w, https:\/\/www.villa-undine-groemitz.de\/wp-content\/uploads\/2021\/06\/Christel-TextundLogo-1024x456.png 1024w, https:\/\/www.villa-undine-groemitz.de\/wp-content\/uploads\/2021\/06\/Christel-TextundLogo-768x342.png 768w, https:\/\/www.villa-undine-groemitz.de\/wp-content\/uploads\/2021\/06\/Christel-TextundLogo.png 1063w\" sizes=\"(max-width: 150px) 100vw, 150px\" \/>\t\t\t\t\t\t\t\t\t\t\t\t\t\t\t<\/div>\n\t\t\t\t<\/div>\n\t\t\t\t<div class=\"elementor-element elementor-element-20ed035 elementor-widget elementor-widget-heading\" data-id=\"20ed035\" data-element_type=\"widget\" data-e-type=\"widget\" data-widget_type=\"heading.default\">\n\t\t\t\t<div class=\"elementor-widget-container\">\n\t\t\t\t\t<h2 class=\"elementor-heading-title elementor-size-default\">Apartmenthaus Christel<\/h2>\t\t\t\t<\/div>\n\t\t\t\t<\/div>\n\t\t\t\t<div class=\"elementor-element elementor-element-6b315c4 elementor-widget elementor-widget-text-editor\" data-id=\"6b315c4\" data-element_type=\"widget\" data-e-type=\"widget\" data-widget_type=\"text-editor.default\">\n\t\t\t\t<div class=\"elementor-widget-container\">\n\t\t\t\t\t\t\t\t\t<p data-start=\"565\" data-end=\"600\">Book your apartment at Apartmenthaus Christel here \u2013 directly via our website and through the appropriate booking page.<\/p>\t\t\t\t\t\t\t\t<\/div>\n\t\t\t\t<\/div>\n\t\t\t\t<div class=\"elementor-element elementor-element-3b8acd3 elementor-align-center elementor-widget elementor-widget-button\" data-id=\"3b8acd3\" data-element_type=\"widget\" data-e-type=\"widget\" data-widget_type=\"button.default\">\n\t\t\t\t<div class=\"elementor-widget-container\">\n\t\t\t\t\t\t\t\t\t<div class=\"elementor-button-wrapper\">\n\t\t\t\t\t<a class=\"elementor-button elementor-button-link elementor-size-sm\" href=\"https:\/\/app.mews.com\/distributor\/0e5057b4-5e45-43ce-872d-b3e501000cb6?language=en-GB\" target=\"_blank\">\n\t\t\t\t\t\t<span class=\"elementor-button-content-wrapper\">\n\t\t\t\t\t\t<span class=\"elementor-button-icon\">\n\t\t\t\t<i aria-hidden=\"true\" class=\"fas fa-arrow-right\"><\/i>\t\t\t<\/span>\n\t\t\t\t\t\t\t\t\t<span class=\"elementor-button-text\">BOOK APARTMENT<\/span>\n\t\t\t\t\t<\/span>\n\t\t\t\t\t<\/a>\n\t\t\t\t<\/div>\n\t\t\t\t\t\t\t\t<\/div>\n\t\t\t\t<\/div>\n\t\t\t\t\t<\/div>\n\t\t<\/div>\n\t\t\t\t\t<\/div>\n\t\t<\/section>\n\t\t\t\t<section class=\"elementor-section elementor-top-section elementor-element elementor-element-ca7c09c ct-section-stretched elementor-section-full_width elementor-section-content-middle elementor-section-height-default elementor-section-height-default\" data-id=\"ca7c09c\" data-element_type=\"section\" data-e-type=\"section\">\n\t\t\t\t\t\t<div class=\"elementor-container elementor-column-gap-no\">\n\t\t\t\t\t<div class=\"elementor-column elementor-col-100 elementor-top-column elementor-element elementor-element-d6b8b1a\" data-id=\"d6b8b1a\" data-element_type=\"column\" data-e-type=\"column\">\n\t\t\t<div class=\"elementor-widget-wrap elementor-element-populated\">\n\t\t\t\t\t\t<div class=\"elementor-element elementor-element-03921a3 elementor-widget elementor-widget-text-editor\" data-id=\"03921a3\" data-element_type=\"widget\" data-e-type=\"widget\" data-widget_type=\"text-editor.default\">\n\t\t\t\t<div class=\"elementor-widget-container\">\n\t\t\t\t\t\t\t\t\t<p data-start=\"1044\" data-end=\"1170\">When you book directly through our website, you benefit from our best rate guarantee and book with us directly.<\/p>\t\t\t\t\t\t\t\t<\/div>\n\t\t\t\t<\/div>\n\t\t\t\t\t<\/div>\n\t\t<\/div>\n\t\t\t\t\t<\/div>\n\t\t<\/section>\n\t\t\t\t<\/div>","protected":false},"excerpt":{"rendered":"<p>Direktbuchung W\u00e4hlen Sie Ihre Unterkunft F\u00fcr Ihre Direktbuchung w\u00e4hlen Sie bitte die passende Unterkunft. So gelangen Sie direkt zur richtigen Buchungsstrecke. Hotel Villa Undine Buchen Sie hier Ihr Zimmer oder Ihre Suite in der Villa Undine \u2013 direkt, unkompliziert und zum besten verf\u00fcgbaren Preis. ZIMMER &amp; SUITEN BUCHEN Apartmenthaus Christel Buchen Sie hier Ihr Apartment [&hellip;]<\/p>\n","protected":false},"author":1,"featured_media":0,"parent":0,"menu_order":0,"comment_status":"closed","ping_status":"closed","template":"","meta":{"footnotes":""},"class_list":["post-3477","page","type-page","status-publish","hentry"],"blocksy_meta":{"styles_descriptor":{"styles":{"desktop":"","tablet":"","mobile":""},"google_fonts":[]}},"_links":{"self":[{"href":"https:\/\/www.villa-undine-groemitz.de\/en\/wp-json\/wp\/v2\/pages\/3477","targetHints":{"allow":["GET"]}}],"collection":[{"href":"https:\/\/www.villa-undine-groemitz.de\/en\/wp-json\/wp\/v2\/pages"}],"about":[{"href":"https:\/\/www.villa-undine-groemitz.de\/en\/wp-json\/wp\/v2\/types\/page"}],"author":[{"embeddable":true,"href":"https:\/\/www.villa-undine-groemitz.de\/en\/wp-json\/wp\/v2\/users\/1"}],"replies":[{"embeddable":true,"href":"https:\/\/www.villa-undine-groemitz.de\/en\/wp-json\/wp\/v2\/comments?post=3477"}],"version-history":[{"count":41,"href":"https:\/\/www.villa-undine-groemitz.de\/en\/wp-json\/wp\/v2\/pages\/3477\/revisions"}],"predecessor-version":[{"id":3541,"href":"https:\/\/www.villa-undine-groemitz.de\/en\/wp-json\/wp\/v2\/pages\/3477\/revisions\/3541"}],"wp:attachment":[{"href":"https:\/\/www.villa-undine-groemitz.de\/en\/wp-json\/wp\/v2\/media?parent=3477"}],"curies":[{"name":"wp","href":"https:\/\/api.w.org\/{rel}","templated":true}]}}