{"id":1410,"date":"2021-06-25T12:49:25","date_gmt":"2021-06-25T10:49:25","guid":{"rendered":"https:\/\/villa-undine.local\/?page_id=1410"},"modified":"2023-06-21T12:51:36","modified_gmt":"2023-06-21T10:51:36","slug":"einzelzimmer","status":"publish","type":"page","link":"https:\/\/www.villa-undine-groemitz.de\/en\/einzelzimmer\/","title":{"rendered":"Single room"},"content":{"rendered":"\t\t<div data-elementor-type=\"wp-page\" data-elementor-id=\"1410\" class=\"elementor elementor-1410\" data-elementor-post-type=\"page\">\n\t\t\t\t\t\t<section class=\"elementor-section elementor-top-section elementor-element elementor-element-364f9feb ct-section-stretched elementor-section-full_width elementor-section-height-default elementor-section-height-default\" data-id=\"364f9feb\" data-element_type=\"section\" data-e-type=\"section\">\n\t\t\t\t\t\t<div class=\"elementor-container elementor-column-gap-no\">\n\t\t\t\t\t<div class=\"elementor-column elementor-col-100 elementor-top-column elementor-element elementor-element-4f45b1c9\" data-id=\"4f45b1c9\" data-element_type=\"column\" data-e-type=\"column\">\n\t\t\t<div class=\"elementor-widget-wrap elementor-element-populated\">\n\t\t\t\t\t\t<div class=\"elementor-element elementor-element-2cc1c9ba elementor-widget elementor-widget-image\" data-id=\"2cc1c9ba\" data-element_type=\"widget\" data-e-type=\"widget\" data-widget_type=\"image.default\">\n\t\t\t\t<div class=\"elementor-widget-container\">\n\t\t\t\t\t\t\t\t\t\t\t\t\t\t\t<img fetchpriority=\"high\" decoding=\"async\" width=\"1920\" height=\"1080\" src=\"https:\/\/www.villa-undine-groemitz.de\/wp-content\/uploads\/2023\/06\/einzelzimmer-2-villa-undine-groemitz-gross23.jpg\" class=\"attachment-2048x2048 size-2048x2048 wp-image-3364\" alt=\"\" srcset=\"https:\/\/www.villa-undine-groemitz.de\/wp-content\/uploads\/2023\/06\/einzelzimmer-2-villa-undine-groemitz-gross23.jpg 1920w, https:\/\/www.villa-undine-groemitz.de\/wp-content\/uploads\/2023\/06\/einzelzimmer-2-villa-undine-groemitz-gross23-300x169.jpg 300w, https:\/\/www.villa-undine-groemitz.de\/wp-content\/uploads\/2023\/06\/einzelzimmer-2-villa-undine-groemitz-gross23-1024x576.jpg 1024w, https:\/\/www.villa-undine-groemitz.de\/wp-content\/uploads\/2023\/06\/einzelzimmer-2-villa-undine-groemitz-gross23-150x84.jpg 150w, https:\/\/www.villa-undine-groemitz.de\/wp-content\/uploads\/2023\/06\/einzelzimmer-2-villa-undine-groemitz-gross23-768x432.jpg 768w, https:\/\/www.villa-undine-groemitz.de\/wp-content\/uploads\/2023\/06\/einzelzimmer-2-villa-undine-groemitz-gross23-1536x864.jpg 1536w, https:\/\/www.villa-undine-groemitz.de\/wp-content\/uploads\/2023\/06\/einzelzimmer-2-villa-undine-groemitz-gross23-18x10.jpg 18w\" sizes=\"(max-width: 1920px) 100vw, 1920px\" \/>\t\t\t\t\t\t\t\t\t\t\t\t\t\t\t<\/div>\n\t\t\t\t<\/div>\n\t\t\t\t\t<\/div>\n\t\t<\/div>\n\t\t\t\t\t<\/div>\n\t\t<\/section>\n\t\t\t\t<section class=\"elementor-section elementor-top-section elementor-element elementor-element-58d356f2 animated-slow ct-section-stretched elementor-section-full_width elementor-section-height-default elementor-section-height-default elementor-invisible\" data-id=\"58d356f2\" data-element_type=\"section\" data-e-type=\"section\" data-settings=\"{&quot;background_background&quot;:&quot;classic&quot;,&quot;animation&quot;:&quot;fadeIn&quot;,&quot;animation_delay&quot;:500}\">\n\t\t\t\t\t\t\t<div class=\"elementor-background-overlay\"><\/div>\n\t\t\t\t\t\t\t<div class=\"elementor-container elementor-column-gap-no\">\n\t\t\t\t\t<div class=\"elementor-column elementor-col-100 elementor-top-column elementor-element elementor-element-569c0f81\" data-id=\"569c0f81\" data-element_type=\"column\" data-e-type=\"column\">\n\t\t\t<div class=\"elementor-widget-wrap elementor-element-populated\">\n\t\t\t\t\t\t<div class=\"elementor-element elementor-element-37b0cf95 elementor-widget elementor-widget-text-editor\" data-id=\"37b0cf95\" data-element_type=\"widget\" data-e-type=\"widget\" data-widget_type=\"text-editor.default\">\n\t\t\t\t<div class=\"elementor-widget-container\">\n\t\t\t\t\t\t\t\t\t<p>Gute Wahl.<\/p>\t\t\t\t\t\t\t\t<\/div>\n\t\t\t\t<\/div>\n\t\t\t\t<div class=\"elementor-element elementor-element-443868ab elementor-widget elementor-widget-heading\" data-id=\"443868ab\" data-element_type=\"widget\" data-e-type=\"widget\" data-widget_type=\"heading.default\">\n\t\t\t\t<div class=\"elementor-widget-container\">\n\t\t\t\t\t<h2 class=\"elementor-heading-title elementor-size-default\">Unsere Einzelzimmer!<\/h2>\t\t\t\t<\/div>\n\t\t\t\t<\/div>\n\t\t\t\t\t<\/div>\n\t\t<\/div>\n\t\t\t\t\t<\/div>\n\t\t<\/section>\n\t\t\t\t<section class=\"elementor-section elementor-top-section elementor-element elementor-element-78f5160b ct-section-stretched elementor-section-full_width elementor-section-height-default elementor-section-height-default\" data-id=\"78f5160b\" data-element_type=\"section\" data-e-type=\"section\" data-settings=\"{&quot;background_background&quot;:&quot;classic&quot;}\">\n\t\t\t\t\t\t<div class=\"elementor-container elementor-column-gap-no\">\n\t\t\t\t\t<div class=\"elementor-column elementor-col-100 elementor-top-column elementor-element elementor-element-a5e230\" data-id=\"a5e230\" data-element_type=\"column\" data-e-type=\"column\">\n\t\t\t<div class=\"elementor-widget-wrap elementor-element-populated\">\n\t\t\t\t\t\t<div class=\"elementor-element elementor-element-67fdefb9 elementor-widget elementor-widget-image\" data-id=\"67fdefb9\" data-element_type=\"widget\" data-e-type=\"widget\" data-widget_type=\"image.default\">\n\t\t\t\t<div class=\"elementor-widget-container\">\n\t\t\t\t\t\t\t\t\t\t\t\t\t\t\t<img decoding=\"async\" width=\"85\" height=\"150\" src=\"https:\/\/www.villa-undine-groemitz.de\/wp-content\/uploads\/2021\/06\/undine_logo01-85x150.png\" class=\"attachment-thumbnail size-thumbnail wp-image-31\" alt=\"\" srcset=\"https:\/\/www.villa-undine-groemitz.de\/wp-content\/uploads\/2021\/06\/undine_logo01-85x150.png 85w, https:\/\/www.villa-undine-groemitz.de\/wp-content\/uploads\/2021\/06\/undine_logo01-171x300.png 171w, https:\/\/www.villa-undine-groemitz.de\/wp-content\/uploads\/2021\/06\/undine_logo01-583x1024.png 583w, https:\/\/www.villa-undine-groemitz.de\/wp-content\/uploads\/2021\/06\/undine_logo01-768x1349.png 768w, https:\/\/www.villa-undine-groemitz.de\/wp-content\/uploads\/2021\/06\/undine_logo01.png 772w\" sizes=\"(max-width: 85px) 100vw, 85px\" \/>\t\t\t\t\t\t\t\t\t\t\t\t\t\t\t<\/div>\n\t\t\t\t<\/div>\n\t\t\t\t<div class=\"elementor-element elementor-element-22e5a0ae elementor-widget elementor-widget-text-editor\" data-id=\"22e5a0ae\" data-element_type=\"widget\" data-e-type=\"widget\" data-widget_type=\"text-editor.default\">\n\t\t\t\t<div class=\"elementor-widget-container\">\n\t\t\t\t\t\t\t\t\t<p class=\"K\u00fcnstlerischer-Textk\u00f6rper-P\"><span class=\"K\u00fcnstlerischer-Textk\u00f6rper-C-C1\">Unsere 8 Einzelzimmer sind komfortabel und sonnendurchflutet. <\/span><\/p><p class=\"K\u00fcnstlerischer-Textk\u00f6rper-P\"><span class=\"K\u00fcnstlerischer-Textk\u00f6rper-C-C1\">Alle Einzelzimmer verf\u00fcgen \u00fcber Satelliten-TV, Internetzugang via WLAN, K\u00fchlschrank, Bad mit Du\/WC und zum Teil Balkon oder Terrasse.<\/span><\/p><p>Es erwartet Sie ein Domizil, das individuell, mit hochwertigem Mobiliar und in dezenten Farben eingerichtet ist.<\/p>\t\t\t\t\t\t\t\t<\/div>\n\t\t\t\t<\/div>\n\t\t\t\t<section class=\"elementor-section elementor-inner-section elementor-element elementor-element-a353fd4 elementor-section-boxed elementor-section-height-default elementor-section-height-default\" data-id=\"a353fd4\" data-element_type=\"section\" data-e-type=\"section\">\n\t\t\t\t\t\t<div class=\"elementor-container elementor-column-gap-default\">\n\t\t\t\t\t<div class=\"elementor-column elementor-col-16 elementor-inner-column elementor-element elementor-element-fb9941a\" data-id=\"fb9941a\" data-element_type=\"column\" data-e-type=\"column\">\n\t\t\t<div class=\"elementor-widget-wrap\">\n\t\t\t\t\t\t\t<\/div>\n\t\t<\/div>\n\t\t\t\t<div class=\"elementor-column elementor-col-16 elementor-inner-column elementor-element elementor-element-78b1ce4\" data-id=\"78b1ce4\" data-element_type=\"column\" data-e-type=\"column\">\n\t\t\t<div class=\"elementor-widget-wrap elementor-element-populated\">\n\t\t\t\t\t\t<div class=\"elementor-element elementor-element-8a623c1 elementor-widget elementor-widget-image\" data-id=\"8a623c1\" data-element_type=\"widget\" data-e-type=\"widget\" data-widget_type=\"image.default\">\n\t\t\t\t<div class=\"elementor-widget-container\">\n\t\t\t\t\t\t\t\t\t\t\t\t<figure class=\"wp-caption\">\n\t\t\t\t\t\t\t\t\t\t<img decoding=\"async\" width=\"150\" height=\"150\" src=\"https:\/\/www.villa-undine-groemitz.de\/wp-content\/uploads\/2021\/06\/wlan-icon-villa-undine-groemitz-150x150.png\" class=\"attachment-thumbnail size-thumbnail wp-image-1264\" alt=\"\" srcset=\"https:\/\/www.villa-undine-groemitz.de\/wp-content\/uploads\/2021\/06\/wlan-icon-villa-undine-groemitz-150x150.png 150w, https:\/\/www.villa-undine-groemitz.de\/wp-content\/uploads\/2021\/06\/wlan-icon-villa-undine-groemitz-300x300.png 300w, https:\/\/www.villa-undine-groemitz.de\/wp-content\/uploads\/2021\/06\/wlan-icon-villa-undine-groemitz.png 604w\" sizes=\"(max-width: 150px) 100vw, 150px\" \/>\t\t\t\t\t\t\t\t\t\t\t<figcaption class=\"widget-image-caption wp-caption-text\">WLAN<\/figcaption>\n\t\t\t\t\t\t\t\t\t\t<\/figure>\n\t\t\t\t\t\t\t\t\t<\/div>\n\t\t\t\t<\/div>\n\t\t\t\t\t<\/div>\n\t\t<\/div>\n\t\t\t\t<div class=\"elementor-column elementor-col-16 elementor-inner-column elementor-element elementor-element-dd4da65\" data-id=\"dd4da65\" data-element_type=\"column\" data-e-type=\"column\">\n\t\t\t<div class=\"elementor-widget-wrap elementor-element-populated\">\n\t\t\t\t\t\t<div class=\"elementor-element elementor-element-fedfe15 elementor-widget elementor-widget-image\" data-id=\"fedfe15\" data-element_type=\"widget\" data-e-type=\"widget\" data-widget_type=\"image.default\">\n\t\t\t\t<div class=\"elementor-widget-container\">\n\t\t\t\t\t\t\t\t\t\t\t\t<figure class=\"wp-caption\">\n\t\t\t\t\t\t\t\t\t\t<img loading=\"lazy\" decoding=\"async\" width=\"150\" height=\"150\" src=\"https:\/\/www.villa-undine-groemitz.de\/wp-content\/uploads\/2021\/06\/sat-tv-icon-villa-undine-groemitz-150x150.png\" class=\"attachment-thumbnail size-thumbnail wp-image-1262\" alt=\"\" srcset=\"https:\/\/www.villa-undine-groemitz.de\/wp-content\/uploads\/2021\/06\/sat-tv-icon-villa-undine-groemitz-150x150.png 150w, https:\/\/www.villa-undine-groemitz.de\/wp-content\/uploads\/2021\/06\/sat-tv-icon-villa-undine-groemitz-300x300.png 300w, https:\/\/www.villa-undine-groemitz.de\/wp-content\/uploads\/2021\/06\/sat-tv-icon-villa-undine-groemitz.png 604w\" sizes=\"(max-width: 150px) 100vw, 150px\" \/>\t\t\t\t\t\t\t\t\t\t\t<figcaption class=\"widget-image-caption wp-caption-text\">SAT-TV<\/figcaption>\n\t\t\t\t\t\t\t\t\t\t<\/figure>\n\t\t\t\t\t\t\t\t\t<\/div>\n\t\t\t\t<\/div>\n\t\t\t\t\t<\/div>\n\t\t<\/div>\n\t\t\t\t<div class=\"elementor-column elementor-col-16 elementor-inner-column elementor-element elementor-element-ffe3e9b\" data-id=\"ffe3e9b\" data-element_type=\"column\" data-e-type=\"column\">\n\t\t\t<div class=\"elementor-widget-wrap elementor-element-populated\">\n\t\t\t\t\t\t<div class=\"elementor-element elementor-element-1e1d483 elementor-widget elementor-widget-image\" data-id=\"1e1d483\" data-element_type=\"widget\" data-e-type=\"widget\" data-widget_type=\"image.default\">\n\t\t\t\t<div class=\"elementor-widget-container\">\n\t\t\t\t\t\t\t\t\t\t\t\t<figure class=\"wp-caption\">\n\t\t\t\t\t\t\t\t\t\t<img loading=\"lazy\" decoding=\"async\" width=\"150\" height=\"150\" src=\"https:\/\/www.villa-undine-groemitz.de\/wp-content\/uploads\/2021\/06\/Bad-icon-villa-undine-groemitz-150x150.png\" class=\"attachment-thumbnail size-thumbnail wp-image-1265\" alt=\"\" srcset=\"https:\/\/www.villa-undine-groemitz.de\/wp-content\/uploads\/2021\/06\/Bad-icon-villa-undine-groemitz-150x150.png 150w, https:\/\/www.villa-undine-groemitz.de\/wp-content\/uploads\/2021\/06\/Bad-icon-villa-undine-groemitz-300x300.png 300w, https:\/\/www.villa-undine-groemitz.de\/wp-content\/uploads\/2021\/06\/Bad-icon-villa-undine-groemitz.png 604w\" sizes=\"(max-width: 150px) 100vw, 150px\" \/>\t\t\t\t\t\t\t\t\t\t\t<figcaption class=\"widget-image-caption wp-caption-text\">Bad mit Du\/WC<\/figcaption>\n\t\t\t\t\t\t\t\t\t\t<\/figure>\n\t\t\t\t\t\t\t\t\t<\/div>\n\t\t\t\t<\/div>\n\t\t\t\t\t<\/div>\n\t\t<\/div>\n\t\t\t\t<div class=\"elementor-column elementor-col-16 elementor-inner-column elementor-element elementor-element-8ff0d8d\" data-id=\"8ff0d8d\" data-element_type=\"column\" data-e-type=\"column\">\n\t\t\t<div class=\"elementor-widget-wrap elementor-element-populated\">\n\t\t\t\t\t\t<div class=\"elementor-element elementor-element-052b472 elementor-widget elementor-widget-image\" data-id=\"052b472\" data-element_type=\"widget\" data-e-type=\"widget\" data-widget_type=\"image.default\">\n\t\t\t\t<div class=\"elementor-widget-container\">\n\t\t\t\t\t\t\t\t\t\t\t\t<figure class=\"wp-caption\">\n\t\t\t\t\t\t\t\t\t\t<img loading=\"lazy\" decoding=\"async\" width=\"150\" height=\"150\" src=\"https:\/\/www.villa-undine-groemitz.de\/wp-content\/uploads\/2021\/06\/kuehlschrank-icon-villa-undine-groemitz-150x150.png\" class=\"attachment-thumbnail size-thumbnail wp-image-1263\" alt=\"\" srcset=\"https:\/\/www.villa-undine-groemitz.de\/wp-content\/uploads\/2021\/06\/kuehlschrank-icon-villa-undine-groemitz-150x150.png 150w, https:\/\/www.villa-undine-groemitz.de\/wp-content\/uploads\/2021\/06\/kuehlschrank-icon-villa-undine-groemitz-300x300.png 300w, https:\/\/www.villa-undine-groemitz.de\/wp-content\/uploads\/2021\/06\/kuehlschrank-icon-villa-undine-groemitz.png 604w\" sizes=\"(max-width: 150px) 100vw, 150px\" \/>\t\t\t\t\t\t\t\t\t\t\t<figcaption class=\"widget-image-caption wp-caption-text\">K\u00fchl-schrank<\/figcaption>\n\t\t\t\t\t\t\t\t\t\t<\/figure>\n\t\t\t\t\t\t\t\t\t<\/div>\n\t\t\t\t<\/div>\n\t\t\t\t\t<\/div>\n\t\t<\/div>\n\t\t\t\t<div class=\"elementor-column elementor-col-16 elementor-inner-column elementor-element elementor-element-cc46828\" data-id=\"cc46828\" data-element_type=\"column\" data-e-type=\"column\">\n\t\t\t<div class=\"elementor-widget-wrap\">\n\t\t\t\t\t\t\t<\/div>\n\t\t<\/div>\n\t\t\t\t\t<\/div>\n\t\t<\/section>\n\t\t\t\t<section class=\"elementor-section elementor-inner-section elementor-element elementor-element-34b7e64 elementor-section-boxed elementor-section-height-default elementor-section-height-default\" data-id=\"34b7e64\" data-element_type=\"section\" data-e-type=\"section\">\n\t\t\t\t\t\t<div class=\"elementor-container elementor-column-gap-default\">\n\t\t\t\t\t<div class=\"elementor-column elementor-col-20 elementor-inner-column elementor-element elementor-element-824886d\" data-id=\"824886d\" data-element_type=\"column\" data-e-type=\"column\">\n\t\t\t<div class=\"elementor-widget-wrap\">\n\t\t\t\t\t\t\t<\/div>\n\t\t<\/div>\n\t\t\t\t<div class=\"elementor-column elementor-col-20 elementor-inner-column elementor-element elementor-element-53c8a3c\" data-id=\"53c8a3c\" data-element_type=\"column\" data-e-type=\"column\">\n\t\t\t<div class=\"elementor-widget-wrap elementor-element-populated\">\n\t\t\t\t\t\t<div class=\"elementor-element elementor-element-1491998 elementor-widget elementor-widget-image\" data-id=\"1491998\" data-element_type=\"widget\" data-e-type=\"widget\" data-widget_type=\"image.default\">\n\t\t\t\t<div class=\"elementor-widget-container\">\n\t\t\t\t\t\t\t\t\t\t\t\t<figure class=\"wp-caption\">\n\t\t\t\t\t\t\t\t\t\t<img loading=\"lazy\" decoding=\"async\" width=\"150\" height=\"150\" src=\"https:\/\/www.villa-undine-groemitz.de\/wp-content\/uploads\/2021\/06\/parking-icon-villa-undine-groemitz-150x150.png\" class=\"attachment-thumbnail size-thumbnail wp-image-1268\" alt=\"\" srcset=\"https:\/\/www.villa-undine-groemitz.de\/wp-content\/uploads\/2021\/06\/parking-icon-villa-undine-groemitz-150x150.png 150w, https:\/\/www.villa-undine-groemitz.de\/wp-content\/uploads\/2021\/06\/parking-icon-villa-undine-groemitz-300x300.png 300w, https:\/\/www.villa-undine-groemitz.de\/wp-content\/uploads\/2021\/06\/parking-icon-villa-undine-groemitz.png 604w\" sizes=\"(max-width: 150px) 100vw, 150px\" \/>\t\t\t\t\t\t\t\t\t\t\t<figcaption class=\"widget-image-caption wp-caption-text\">eigene Parkpl\u00e4tze<\/figcaption>\n\t\t\t\t\t\t\t\t\t\t<\/figure>\n\t\t\t\t\t\t\t\t\t<\/div>\n\t\t\t\t<\/div>\n\t\t\t\t\t<\/div>\n\t\t<\/div>\n\t\t\t\t<div class=\"elementor-column elementor-col-20 elementor-inner-column elementor-element elementor-element-35301ce\" data-id=\"35301ce\" data-element_type=\"column\" data-e-type=\"column\">\n\t\t\t<div class=\"elementor-widget-wrap elementor-element-populated\">\n\t\t\t\t\t\t<div class=\"elementor-element elementor-element-f825ebb elementor-widget elementor-widget-image\" data-id=\"f825ebb\" data-element_type=\"widget\" data-e-type=\"widget\" data-widget_type=\"image.default\">\n\t\t\t\t<div class=\"elementor-widget-container\">\n\t\t\t\t\t\t\t\t\t\t\t\t<figure class=\"wp-caption\">\n\t\t\t\t\t\t\t\t\t\t<img loading=\"lazy\" decoding=\"async\" width=\"150\" height=\"150\" src=\"https:\/\/www.villa-undine-groemitz.de\/wp-content\/uploads\/2021\/06\/rad-stellplatz-icon-villa-undine-groemitz-150x150.png\" class=\"attachment-thumbnail size-thumbnail wp-image-1266\" alt=\"\" srcset=\"https:\/\/www.villa-undine-groemitz.de\/wp-content\/uploads\/2021\/06\/rad-stellplatz-icon-villa-undine-groemitz-150x150.png 150w, https:\/\/www.villa-undine-groemitz.de\/wp-content\/uploads\/2021\/06\/rad-stellplatz-icon-villa-undine-groemitz-300x300.png 300w, https:\/\/www.villa-undine-groemitz.de\/wp-content\/uploads\/2021\/06\/rad-stellplatz-icon-villa-undine-groemitz.png 604w\" sizes=\"(max-width: 150px) 100vw, 150px\" \/>\t\t\t\t\t\t\t\t\t\t\t<figcaption class=\"widget-image-caption wp-caption-text\">Fahrrad-Stellplatz<\/figcaption>\n\t\t\t\t\t\t\t\t\t\t<\/figure>\n\t\t\t\t\t\t\t\t\t<\/div>\n\t\t\t\t<\/div>\n\t\t\t\t\t<\/div>\n\t\t<\/div>\n\t\t\t\t<div class=\"elementor-column elementor-col-20 elementor-inner-column elementor-element elementor-element-6263ef5\" data-id=\"6263ef5\" data-element_type=\"column\" data-e-type=\"column\">\n\t\t\t<div class=\"elementor-widget-wrap elementor-element-populated\">\n\t\t\t\t\t\t<div class=\"elementor-element elementor-element-1142811 elementor-widget elementor-widget-image\" data-id=\"1142811\" data-element_type=\"widget\" data-e-type=\"widget\" data-widget_type=\"image.default\">\n\t\t\t\t<div class=\"elementor-widget-container\">\n\t\t\t\t\t\t\t\t\t\t\t\t<figure class=\"wp-caption\">\n\t\t\t\t\t\t\t\t\t\t<img loading=\"lazy\" decoding=\"async\" width=\"150\" height=\"150\" src=\"https:\/\/www.villa-undine-groemitz.de\/wp-content\/uploads\/2021\/06\/flipflop-icon-villa-undine-groemitz-150x150.png\" class=\"attachment-thumbnail size-thumbnail wp-image-1267\" alt=\"\" srcset=\"https:\/\/www.villa-undine-groemitz.de\/wp-content\/uploads\/2021\/06\/flipflop-icon-villa-undine-groemitz-150x150.png 150w, https:\/\/www.villa-undine-groemitz.de\/wp-content\/uploads\/2021\/06\/flipflop-icon-villa-undine-groemitz-300x300.png 300w, https:\/\/www.villa-undine-groemitz.de\/wp-content\/uploads\/2021\/06\/flipflop-icon-villa-undine-groemitz.png 604w\" sizes=\"(max-width: 150px) 100vw, 150px\" \/>\t\t\t\t\t\t\t\t\t\t\t<figcaption class=\"widget-image-caption wp-caption-text\">wenige Min. zum Strand<\/figcaption>\n\t\t\t\t\t\t\t\t\t\t<\/figure>\n\t\t\t\t\t\t\t\t\t<\/div>\n\t\t\t\t<\/div>\n\t\t\t\t\t<\/div>\n\t\t<\/div>\n\t\t\t\t<div class=\"elementor-column elementor-col-20 elementor-inner-column elementor-element elementor-element-3159868\" data-id=\"3159868\" data-element_type=\"column\" data-e-type=\"column\">\n\t\t\t<div class=\"elementor-widget-wrap\">\n\t\t\t\t\t\t\t<\/div>\n\t\t<\/div>\n\t\t\t\t\t<\/div>\n\t\t<\/section>\n\t\t\t\t\t<\/div>\n\t\t<\/div>\n\t\t\t\t\t<\/div>\n\t\t<\/section>\n\t\t\t\t<section class=\"elementor-section elementor-top-section elementor-element elementor-element-542542fe animated-slow ct-section-stretched elementor-section-full_width elementor-section-height-default elementor-section-height-default elementor-invisible\" data-id=\"542542fe\" data-element_type=\"section\" data-e-type=\"section\" data-settings=\"{&quot;background_background&quot;:&quot;classic&quot;,&quot;animation&quot;:&quot;fadeIn&quot;,&quot;animation_delay&quot;:500}\">\n\t\t\t\t\t\t\t<div class=\"elementor-background-overlay\"><\/div>\n\t\t\t\t\t\t\t<div class=\"elementor-container elementor-column-gap-no\">\n\t\t\t\t\t<div class=\"elementor-column elementor-col-100 elementor-top-column elementor-element elementor-element-13d8dc5c\" data-id=\"13d8dc5c\" data-element_type=\"column\" data-e-type=\"column\">\n\t\t\t<div class=\"elementor-widget-wrap elementor-element-populated\">\n\t\t\t\t\t\t<div class=\"elementor-element elementor-element-42bbca20 elementor-widget elementor-widget-text-editor\" data-id=\"42bbca20\" data-element_type=\"widget\" data-e-type=\"widget\" data-widget_type=\"text-editor.default\">\n\t\t\t\t<div class=\"elementor-widget-container\">\n\t\t\t\t\t\t\t\t\t<p>Zimmerbeispiele.<\/p>\t\t\t\t\t\t\t\t<\/div>\n\t\t\t\t<\/div>\n\t\t\t\t<div class=\"elementor-element elementor-element-734c0d elementor-widget elementor-widget-heading\" data-id=\"734c0d\" data-element_type=\"widget\" data-e-type=\"widget\" data-widget_type=\"heading.default\">\n\t\t\t\t<div class=\"elementor-widget-container\">\n\t\t\t\t\t<h2 class=\"elementor-heading-title elementor-size-default\">Probewohnen in 3-D.<\/h2>\t\t\t\t<\/div>\n\t\t\t\t<\/div>\n\t\t\t\t\t<\/div>\n\t\t<\/div>\n\t\t\t\t\t<\/div>\n\t\t<\/section>\n\t\t\t\t<section class=\"elementor-section elementor-top-section elementor-element elementor-element-5a7b3438 ct-section-stretched elementor-section-full_width elementor-section-height-default elementor-section-height-default\" data-id=\"5a7b3438\" data-element_type=\"section\" data-e-type=\"section\" data-settings=\"{&quot;background_background&quot;:&quot;classic&quot;}\">\n\t\t\t\t\t\t<div class=\"elementor-container elementor-column-gap-no\">\n\t\t\t\t\t<div class=\"elementor-column elementor-col-50 elementor-top-column elementor-element elementor-element-12d79325\" data-id=\"12d79325\" data-element_type=\"column\" data-e-type=\"column\">\n\t\t\t<div class=\"elementor-widget-wrap elementor-element-populated\">\n\t\t\t\t\t\t<div class=\"elementor-element elementor-element-7954a996 elementor-widget elementor-widget-shortcode\" data-id=\"7954a996\" data-element_type=\"widget\" data-e-type=\"widget\" data-widget_type=\"shortcode.default\">\n\t\t\t\t<div class=\"elementor-widget-container\">\n\t\t\t\t\t\t\t<div class=\"elementor-shortcode\"><iframe width='960' height='480' src='https:\/\/my.matterport.com\/show\/?m=P8fwAQf32ZQ&mls=1' '><\/iframe><\/div>\n\t\t\t\t\t\t<\/div>\n\t\t\t\t<\/div>\n\t\t\t\t\t<\/div>\n\t\t<\/div>\n\t\t\t\t<div class=\"elementor-column elementor-col-50 elementor-top-column elementor-element elementor-element-7a8b794f\" data-id=\"7a8b794f\" data-element_type=\"column\" data-e-type=\"column\" data-settings=\"{&quot;background_background&quot;:&quot;slideshow&quot;,&quot;background_slideshow_gallery&quot;:[{&quot;id&quot;:3365,&quot;url&quot;:&quot;https:\\\/\\\/www.villa-undine-groemitz.de\\\/wp-content\\\/uploads\\\/2023\\\/06\\\/einzelzimmer-2-villa-undine-groemitz23.jpg&quot;},{&quot;id&quot;:3363,&quot;url&quot;:&quot;https:\\\/\\\/www.villa-undine-groemitz.de\\\/wp-content\\\/uploads\\\/2023\\\/06\\\/einzelzimmer-1-villa-undine-groemitz23.jpg&quot;},{&quot;id&quot;:3366,&quot;url&quot;:&quot;https:\\\/\\\/www.villa-undine-groemitz.de\\\/wp-content\\\/uploads\\\/2023\\\/06\\\/einzelzimmer-3-villa-undine-groemitz23.jpg&quot;}],&quot;background_slideshow_slide_duration&quot;:4000,&quot;background_slideshow_transition_duration&quot;:3000,&quot;background_slideshow_loop&quot;:&quot;yes&quot;,&quot;background_slideshow_slide_transition&quot;:&quot;fade&quot;}\">\n\t\t\t<div class=\"elementor-widget-wrap\">\n\t\t\t\t\t\t\t<\/div>\n\t\t<\/div>\n\t\t\t\t\t<\/div>\n\t\t<\/section>\n\t\t\t\t<section class=\"elementor-section elementor-top-section elementor-element elementor-element-11087c0 ct-section-stretched elementor-section-full_width elementor-section-content-middle elementor-section-height-default elementor-section-height-default\" data-id=\"11087c0\" data-element_type=\"section\" data-e-type=\"section\">\n\t\t\t\t\t\t<div class=\"elementor-container elementor-column-gap-no\">\n\t\t\t\t\t<div class=\"elementor-column elementor-col-100 elementor-top-column elementor-element elementor-element-466c372f\" data-id=\"466c372f\" data-element_type=\"column\" data-e-type=\"column\">\n\t\t\t<div class=\"elementor-widget-wrap elementor-element-populated\">\n\t\t\t\t\t\t<div class=\"elementor-element elementor-element-39f4878 elementor-widget elementor-widget-text-editor\" data-id=\"39f4878\" data-element_type=\"widget\" data-e-type=\"widget\" data-widget_type=\"text-editor.default\">\n\t\t\t\t<div class=\"elementor-widget-container\">\n\t\t\t\t\t\t\t\t\t<p>Kommen Sie in den Genuss der Bestpreis-Garantie und buchen Sie direkt bei uns!<\/p>\t\t\t\t\t\t\t\t<\/div>\n\t\t\t\t<\/div>\n\t\t\t\t<div class=\"elementor-element elementor-element-a47d1b7 elementor-widget elementor-widget-text-editor\" data-id=\"a47d1b7\" data-element_type=\"widget\" data-e-type=\"widget\" data-widget_type=\"text-editor.default\">\n\t\t\t\t<div class=\"elementor-widget-container\">\n\t\t\t\t\t\t\t\t\t<div id=\"d21-quickbook\" data-d21=\"{'hasHorizontalOrientation':true}\"><\/div>\n\t\t\t\t\t\t\t\t<\/div>\n\t\t\t\t<\/div>\n\t\t\t\t\t<\/div>\n\t\t<\/div>\n\t\t\t\t\t<\/div>\n\t\t<\/section>\n\t\t\t\t<\/div>\n\t\t","protected":false},"excerpt":{"rendered":"<p>Gute Wahl. Unsere Einzelzimmer! Unsere 8 Einzelzimmer sind komfortabel und sonnendurchflutet. Alle Einzelzimmer verf\u00fcgen \u00fcber Satelliten-TV, Internetzugang via WLAN, K\u00fchlschrank, Bad mit Du\/WC und zum Teil Balkon oder Terrasse. Es erwartet Sie ein Domizil, das individuell, mit hochwertigem Mobiliar und in dezenten Farben eingerichtet ist. WLAN SAT-TV Bad mit Du\/WC K\u00fchl-schrank eigene Parkpl\u00e4tze Fahrrad-Stellplatz wenige Min. zum Strand Zimmerbeispiele. Probewohnen in 3-D.<\/p>","protected":false},"author":1,"featured_media":0,"parent":0,"menu_order":0,"comment_status":"closed","ping_status":"closed","template":"","meta":{"footnotes":""},"class_list":["post-1410","page","type-page","status-publish","hentry"],"blocksy_meta":{"styles_descriptor":{"styles":{"desktop":"","tablet":"","mobile":""},"google_fonts":[]}},"_links":{"self":[{"href":"https:\/\/www.villa-undine-groemitz.de\/en\/wp-json\/wp\/v2\/pages\/1410","targetHints":{"allow":["GET"]}}],"collection":[{"href":"https:\/\/www.villa-undine-groemitz.de\/en\/wp-json\/wp\/v2\/pages"}],"about":[{"href":"https:\/\/www.villa-undine-groemitz.de\/en\/wp-json\/wp\/v2\/types\/page"}],"author":[{"embeddable":true,"href":"https:\/\/www.villa-undine-groemitz.de\/en\/wp-json\/wp\/v2\/users\/1"}],"replies":[{"embeddable":true,"href":"https:\/\/www.villa-undine-groemitz.de\/en\/wp-json\/wp\/v2\/comments?post=1410"}],"version-history":[{"count":100,"href":"https:\/\/www.villa-undine-groemitz.de\/en\/wp-json\/wp\/v2\/pages\/1410\/revisions"}],"predecessor-version":[{"id":3372,"href":"https:\/\/www.villa-undine-groemitz.de\/en\/wp-json\/wp\/v2\/pages\/1410\/revisions\/3372"}],"wp:attachment":[{"href":"https:\/\/www.villa-undine-groemitz.de\/en\/wp-json\/wp\/v2\/media?parent=1410"}],"curies":[{"name":"wp","href":"https:\/\/api.w.org\/{rel}","templated":true}]}}