{"id":1073,"date":"2021-06-14T22:28:06","date_gmt":"2021-06-14T20:28:06","guid":{"rendered":"https:\/\/villa-undine.local\/allgemeine-geschaeftsbediungungen\/"},"modified":"2021-08-20T18:40:57","modified_gmt":"2021-08-20T16:40:57","slug":"allgemeine-geschaeftsbediungungen","status":"publish","type":"page","link":"https:\/\/www.villa-undine-groemitz.de\/en\/allgemeine-geschaeftsbediungungen\/","title":{"rendered":"General terms and conditions"},"content":{"rendered":"<div data-elementor-type=\"wp-page\" data-elementor-id=\"1073\" class=\"elementor elementor-1073\" data-elementor-post-type=\"page\">\n\t\t\t\t\t\t<section class=\"elementor-section elementor-top-section elementor-element elementor-element-51b935a ct-section-stretched elementor-section-full_width elementor-section-height-default elementor-section-height-default\" data-id=\"51b935a\" data-element_type=\"section\" data-e-type=\"section\">\n\t\t\t\t\t\t<div class=\"elementor-container elementor-column-gap-no\">\n\t\t\t\t\t<div class=\"elementor-column elementor-col-100 elementor-top-column elementor-element elementor-element-51faf1d\" data-id=\"51faf1d\" data-element_type=\"column\" data-e-type=\"column\">\n\t\t\t<div class=\"elementor-widget-wrap elementor-element-populated\">\n\t\t\t\t\t\t<div class=\"elementor-element elementor-element-6ec2edb elementor-widget elementor-widget-image\" data-id=\"6ec2edb\" data-element_type=\"widget\" data-e-type=\"widget\" data-widget_type=\"image.default\">\n\t\t\t\t<div class=\"elementor-widget-container\">\n\t\t\t\t\t\t\t\t\t\t\t\t\t\t\t<img fetchpriority=\"high\" decoding=\"async\" width=\"2048\" height=\"1363\" src=\"https:\/\/www.villa-undine-groemitz.de\/wp-content\/uploads\/2021\/06\/frank-mckenna-eXHeq48Z-Q4-unsplash-2048x1363.jpg\" class=\"attachment-2048x2048 size-2048x2048 wp-image-429\" alt=\"\" srcset=\"https:\/\/www.villa-undine-groemitz.de\/wp-content\/uploads\/2021\/06\/frank-mckenna-eXHeq48Z-Q4-unsplash-2048x1363.jpg 2048w, https:\/\/www.villa-undine-groemitz.de\/wp-content\/uploads\/2021\/06\/frank-mckenna-eXHeq48Z-Q4-unsplash-300x200.jpg 300w, https:\/\/www.villa-undine-groemitz.de\/wp-content\/uploads\/2021\/06\/frank-mckenna-eXHeq48Z-Q4-unsplash-1024x682.jpg 1024w, https:\/\/www.villa-undine-groemitz.de\/wp-content\/uploads\/2021\/06\/frank-mckenna-eXHeq48Z-Q4-unsplash-150x100.jpg 150w, https:\/\/www.villa-undine-groemitz.de\/wp-content\/uploads\/2021\/06\/frank-mckenna-eXHeq48Z-Q4-unsplash-768x511.jpg 768w, https:\/\/www.villa-undine-groemitz.de\/wp-content\/uploads\/2021\/06\/frank-mckenna-eXHeq48Z-Q4-unsplash-1536x1022.jpg 1536w\" sizes=\"(max-width: 2048px) 100vw, 2048px\" \/>\t\t\t\t\t\t\t\t\t\t\t\t\t\t\t<\/div>\n\t\t\t\t<\/div>\n\t\t\t\t\t<\/div>\n\t\t<\/div>\n\t\t\t\t\t<\/div>\n\t\t<\/section>\n\t\t\t\t<section class=\"elementor-section elementor-top-section elementor-element elementor-element-f1a269f ct-section-stretched elementor-section-full_width elementor-section-height-default elementor-section-height-default\" data-id=\"f1a269f\" data-element_type=\"section\" data-e-type=\"section\" data-settings=\"{&quot;background_background&quot;:&quot;classic&quot;}\">\n\t\t\t\t\t\t<div class=\"elementor-container elementor-column-gap-no\">\n\t\t\t\t\t<div class=\"elementor-column elementor-col-100 elementor-top-column elementor-element elementor-element-5425d6a\" data-id=\"5425d6a\" data-element_type=\"column\" data-e-type=\"column\">\n\t\t\t<div class=\"elementor-widget-wrap elementor-element-populated\">\n\t\t\t\t\t\t<div class=\"elementor-element elementor-element-7751bfa elementor-widget elementor-widget-text-editor\" data-id=\"7751bfa\" data-element_type=\"widget\" data-e-type=\"widget\" data-widget_type=\"text-editor.default\">\n\t\t\t\t<div class=\"elementor-widget-container\">\n\t\t\t\t\t\t\t\t\t<div id=\"text_block-14-117\" class=\"ct-text-block saas-about-history-paragraph\"><h1 id=\"headline-11-117\" class=\"ct-headline saas-heading-two\"><span style=\"color: #ffffff;\">General terms and conditions<\/span><\/h1><\/div><p class=\"ct-text-block saas-about-history-paragraph\">A room reservation initiated by the guest and accepted by the hotel establishes a contractual relationship between both parties, the so-called hotel accommodation contract.<\/p><p id=\"headline-11-117\" class=\"ct-headline saas-heading-two\"><span style=\"color: #ffffff;\"><strong>1. Scope<br \/><\/strong><\/span>1.1. In accordance with Article 15 of the GDPR, you may request confirmation as to whether data relating to you is being processed. If this is the case, you have a right to information about the information processed.<\/p><p class=\"ct-headline saas-heading-two\">1.2. The subletting or reletting of the rooms provided as well as their use for purposes other than accommodation require the prior written consent of the hotel.<\/p><div id=\"text_block-58-117\" class=\"ct-text-block saas-about-bullet\">1.3 Terms and conditions of the customer shall only apply if this has been agreed in advance.<\/div><div>\u00a0<\/div><div class=\"ct-text-block saas-about-bullet\"><strong><span style=\"color: #ffffff;\">2. conclusion of contract, contracting parties, liability; limitation period<br \/><\/span><\/strong>2.1 The contract is concluded by the hotel's acceptance of the customer's application. The hotel is free to confirm the room booking in writing.<\/div><div>\u00a0<\/div><div class=\"ct-text-block saas-about-bullet\">2.2. Vertragspartner sind das Hotel und der Kunde. Hat ein Dritter f\u00fcr den Kunden bestellt, haftet er dem Hotel gegen\u00fcber zusammen mit dem Kunden als Gesamtschuldner f\u00fcr alle Verpflichtungen aus dem Hotelaufnahmevertrag, sofern dem Hotel eine entsprechende Erkl\u00e4rung des Dritten vorliegt.<\/div><div>\u00a0<\/div><div class=\"ct-text-block saas-about-bullet\">2.3 The hotel is liable for its obligation under the contract. In the area not typical for the service, the liability is limited to intent and gross negligence of the hotel.<\/div><div>\u00a0<\/div><div class=\"ct-text-block saas-about-bullet\">2.4. Die Verj\u00e4hrungsfrist betr\u00e4gt f\u00fcr alle Anspr\u00fcche des Kunden 6 Monate.<\/div><div>\u00a0<\/div><div id=\"text_block-76-117\" class=\"ct-text-block saas-about-bullet\">2.5. Diese Haftungsbeschr\u00e4nkung und kurze Verj\u00e4hrungsfrist gelten zugunsten des Hotels auch bei Verletzung von Verpflichtungen bei der Vertragsanbahnung und positiver Vertragsverletzung.<\/div><div>\u00a0<\/div><div class=\"ct-text-block saas-about-bullet\"><span style=\"color: #ffffff;\"><strong>3. Leistungen, Preise, Zahlung, Aufrechnung<\/strong><\/span><br \/>3.1. Das Hotel ist verpflichtet, die vom Kunden gebuchten Zimmer bereitzuhalten und die vereinbarten Leistungen zu erbringen.<\/div><div>\u00a0<\/div><div id=\"text_block-82-117\" class=\"ct-text-block saas-about-bullet\">3.2 The customer is obligated to pay the applicable or agreed prices of the hotel for the provision of the room and the other services used by the customer. This also applies to services and expenses of the hotel to third parties arranged by the customer.<\/div><div>\u00a0<\/div><div id=\"text_block-86-117\" class=\"ct-text-block saas-about-bullet\">3.3 The agreed prices include the respective statutory value added tax. If the period between conclusion and fulfillment of the contract exceeds 4 months and if the price generally charged by the hotel for such services increases, the hotel may increase the contractually agreed price by a reasonable amount, but by no more than 10 percent.<\/div><div>\u00a0<\/div><div id=\"text_block-90-117\" class=\"ct-text-block saas-about-bullet\">3.4. Die Preise k\u00f6nnen vom Hotel ferner ge\u00e4ndert werden, wenn der Kunde nachtr\u00e4glich \u00c4nderung der Anzahl der gebuchten Zimmer, der Leistung des Hotels oder der Aufenthaltsdauer der G\u00e4ste w\u00fcnscht und das Hotel dem zustimmt.<\/div><div>\u00a0<\/div><div id=\"text_block-94-117\" class=\"ct-text-block saas-about-bullet\">3.5. Rechnungen des Hotels ohne F\u00e4lligkeitsdatum sind binnen 14 Tagen ab Zugang der Rechnung ohne Abzug zahlbar. Das Hotel ist berechtigt, aufgelaufene Forderungen jederzeit f\u00e4llig zu stellen und unverz\u00fcgliche Zahlung zu verlangen. Bei Zahlungsverzug ist das Hotel berechtigt, Zinsen in H\u00f6he von 4 Prozent \u00fcber dem jeweiligen Diskontsatz der Deutschen Bundesbank zu berechnen. Dem Kunden bleibt der Nachweis eines niedrigeren, dem Hotel der eines h\u00f6heren Schadens vorbehalten.<\/div><div>\u00a0<\/div><div id=\"text_block-98-117\" class=\"ct-text-block saas-about-bullet\">3.6 The hotel is entitled to demand a reasonable advance payment or security deposit upon conclusion of the contract or thereafter, taking into account the statutory provisions for package tours. The amount of the advance payment and the payment dates can be agreed in writing in the contract.<\/div><div>\u00a0<\/div><div id=\"text_block-102-117\" class=\"ct-text-block saas-about-bullet\">3.7 The customer may only offset or reduce a claim of the hotel with an undisputed or legally binding claim.<\/div><div>\u00a0<\/div><div class=\"ct-text-block saas-about-bullet\"><span style=\"color: #ffffff;\"><strong>4. withdrawal of the customer<\/strong> <\/span>(Cancellation)<br \/>4.1 The customer is granted the right to cancel the contract in accordance with the following cancellation conditions: If the cancellation is made up to 28 days before arrival, 0% of the agreed price will be due. If the cancellation is made less than 28 days before arrival, 80% of the agreed price will be due. In case of no-show or early departure 90% of the agreed price will be due.<\/div><div>\u00a0<\/div><div class=\"ct-text-block saas-about-bullet\"><strong><span style=\"color: #ffffff;\">5. withdrawal of the hotel<\/span><\/strong><br \/>5.1 If the customer's right to withdraw from the contract within a certain period of time has been agreed upon in writing, the hotel is entitled to withdraw from the contract within this period of time if other customers request the contractually booked rooms and the customer does not waive his right to withdraw from the contract upon inquiry by the hotel.<\/div><div>\u00a0<\/div><div id=\"text_block-110-117\" class=\"ct-text-block saas-about-bullet\">5.2 If an agreed advance payment is not made even after expiration of a reasonable grace period set by the hotel with a warning of refusal, the hotel is also entitled to withdraw from the contract.<\/div><div>\u00a0<\/div><p>5.3 Furthermore, the hotel is entitled to withdraw from the contract extraordinarily for an objectively justified reason, for example if:<\/p><p>\u2022 force majeure or other circumstances for which the hotel is not responsible make the fulfillment of the contract impossible<br \/>\u2022 rooms are booked under misleading or false statement of essential facts, e.g. in person of the customer or purpose<br \/>\u2022 the hotel has reasonable grounds to believe that the use of the hotel's services may jeopardize the smooth operation of the business, the safety or the reputation of the hotel in public, without this being attributable to the hotel's sphere of control or organization.<br \/>\u2022 there is a violation of the above scope paragraph 1.2<\/p><p>5.4 The hotel must inform the customer immediately of the exercise of the right of withdrawal.<\/p><p>5.5 In the event of justified withdrawal by the hotel, the customer shall not be entitled to compensation.<\/p><p id=\"headline-31-117\" class=\"ct-headline saas-heading-two\"><span style=\"color: #ffffff;\"><strong>6. room provision, handover and return<\/strong><\/span><br \/>6.1 The customer does not acquire the right to the provision of certain rooms.<\/p><p class=\"ct-headline saas-heading-two\">6.2 Booked rooms are available to the customer from 3:00 p.m. on the agreed day of arrival. The customer has no right to earlier provision.<\/p><div id=\"text_block-134-117\" class=\"ct-text-block saas-about-bullet\">6.3 On the agreed day of departure, rooms must be vacated and made available to the hotel by 10:30 a.m. at the latest.<\/div><div>\u00a0<\/div><div class=\"ct-text-block saas-about-bullet\"><span style=\"color: #ffffff;\"><strong>7. liability of the hotel<\/strong><\/span><br \/>7.1 The hotel is liable for the care of a prudent businessman. This liability is in the area not typical for the service, but limited to deficiencies in the service, damages, consequential damages or disruptions that can be attributed to intent or gross negligence on the part of the hotel. In the event of disruptions or deficiencies in the services, the hotel will endeavor to remedy the situation upon knowledge of the same or upon immediate complaint by the customer. The customer is obligated to contribute what is reasonable to him in order to remedy the disruption and to keep any possible damage to a minimum.<\/div><div>\u00a0<\/div><div id=\"text_block-150-117\" class=\"ct-text-block saas-about-bullet\">7.2 The hotel shall be liable to the customer for items brought into the hotel in accordance with the statutory provisions, i.e. up to one hundred times the room rate, up to a maximum of \u20ac 3,076.92, and for money and valuables up to \u20ac 769.23. Money and valuables can be stored in the hotel or room safe up to a maximum value of \u20ac 2,564.10. The hotel recommends making use of this possibility. The liability claims expire if the customer does not notify the hotel immediately after becoming aware of loss, destruction and damage (\u00a7 703 BGB).<\/div><div>\u00a0<\/div><div id=\"text_block-147-117\" class=\"ct-text-block saas-about-bullet\">7.3 The legal provisions apply to the unlimited liability of the hotel.<\/div><div>\u00a0<\/div><div id=\"text_block-144-117\" class=\"ct-text-block saas-about-bullet\">7.4 Insofar as a parking space is made available to the customer in a hotel parking lot, even for a fee, this does not constitute a custody agreement. The hotel shall not be liable for loss of or damage to motor vehicles parked or maneuvered on the hotel's property and their contents, except in cases of intent or gross negligence. This also applies to vicarious agents of the hotel.<\/div><div>\u00a0<\/div><div id=\"text_block-141-117\" class=\"ct-text-block saas-about-bullet\">7.5 Wake-up orders are executed by the hotel with the utmost care. Claims for damages , except for gross negligence or intent, are excluded.<\/div><div>\u00a0<\/div><div id=\"text_block-158-117\" class=\"ct-text-block saas-about-bullet\">7.6 Messages, mail and consignments of goods for guests will be handled with care. The hotel will take over the delivery, safekeeping and - on request - the forwarding of the same against payment. Claims for damages, except for gross negligence or intent, are excluded.<\/div><div>\u00a0<\/div><div class=\"ct-text-block saas-about-bullet\"><strong><span style=\"color: #ffffff;\">8. pets<\/span><\/strong><br \/><span style=\"font-size: 16px;\">8.1. pets are not allowed.<\/span><\/div><div>\u00a0<\/div><div class=\"ct-text-block saas-about-bullet\"><strong><span style=\"color: #ffffff;\">9. final provisions<\/span><\/strong><\/div><div id=\"text_block-45-117\" class=\"ct-text-block saas-about-bullet\">9.1 Amendments or supplements to the contract, the acceptance of the application or these Terms and Conditions for Hotel Accommodation shall be made in writing. Unilateral changes or additions by the customer are invalid.<\/div><div>\u00a0<\/div><div id=\"text_block-174-117\" class=\"ct-text-block saas-about-bullet\">9.2 The place of performance and payment is the registered office of the hotel.<\/div><div>\u00a0<\/div><div id=\"text_block-171-117\" class=\"ct-text-block saas-about-bullet\">9.3 The exclusive place of jurisdiction - also for disputes regarding checks and bills of exchange - in commercial transactions shall be the registered office of the hotel. If a contracting party fulfills the requirements of Section 38 (1) of the German Code of Civil Procedure (ZPO) and does not have a general place of jurisdiction in Germany, the place of jurisdiction shall be the registered office of the hotel.<\/div><div>\u00a0<\/div><div id=\"text_block-168-117\" class=\"ct-text-block saas-about-bullet\">9.4 German law shall apply.<\/div><div>\u00a0<\/div><div class=\"ct-text-block saas-about-bullet\">9.5 Should individual provisions of these General Terms and Conditions for Hotel Accommodation be or become invalid or void, this shall not affect the validity of the remaining provisions. Otherwise, the statutory provisions shall apply.<\/div>\t\t\t\t\t\t\t\t<\/div>\n\t\t\t\t<\/div>\n\t\t\t\t\t<\/div>\n\t\t<\/div>\n\t\t\t\t\t<\/div>\n\t\t<\/section>\n\t\t\t\t<\/div>","protected":false},"excerpt":{"rendered":"<p>Allgemeine Gesch\u00e4ftsbedingungen Eine vom Gast veranlasste und vom Hotel angenommene Zimmerbuchung begr\u00fcndet zwischen beiden Vertragspartnern ein Vertragsverh\u00e4ltnis, den sogenannten Hotelaufnahmevertrag. 1. Geltungsbereich1.1. Sie k\u00f6nnen gem\u00e4\u00df Artikel 15 DSGVO eine Best\u00e4tigung dar\u00fcber verlangen, ob Sie betreffende Daten verarbeitet werden. Ist dies der Fall, so haben Sie ein Recht auf Auskunft \u00fcber die verarbeiteten Informationen. 1.2. Die Unter- oder Weitervermietung der \u00fcberlassenen Zimmer sowie deren Nutzung zu anderen als Beherbergungszwecken bed\u00fcrfen der vorherigen schriftlichen Zustimmung des Hotels. 1.3. Gesch\u00e4ftsbedingungen des Kunden finden nur Anwendung, wenn dies vorher vereinbart wurde.\u00a02. Vertragsabschluss, -partner, -haftung; Verj\u00e4hrung2.1. Der Vertrag kommt durch die Annahme des Antrags des\u2026<\/p>","protected":false},"author":1,"featured_media":0,"parent":0,"menu_order":0,"comment_status":"closed","ping_status":"closed","template":"","meta":{"footnotes":""},"class_list":["post-1073","page","type-page","status-publish","hentry"],"blocksy_meta":{"styles_descriptor":{"styles":{"desktop":"","tablet":"","mobile":""},"google_fonts":[]}},"_links":{"self":[{"href":"https:\/\/www.villa-undine-groemitz.de\/en\/wp-json\/wp\/v2\/pages\/1073","targetHints":{"allow":["GET"]}}],"collection":[{"href":"https:\/\/www.villa-undine-groemitz.de\/en\/wp-json\/wp\/v2\/pages"}],"about":[{"href":"https:\/\/www.villa-undine-groemitz.de\/en\/wp-json\/wp\/v2\/types\/page"}],"author":[{"embeddable":true,"href":"https:\/\/www.villa-undine-groemitz.de\/en\/wp-json\/wp\/v2\/users\/1"}],"replies":[{"embeddable":true,"href":"https:\/\/www.villa-undine-groemitz.de\/en\/wp-json\/wp\/v2\/comments?post=1073"}],"version-history":[{"count":26,"href":"https:\/\/www.villa-undine-groemitz.de\/en\/wp-json\/wp\/v2\/pages\/1073\/revisions"}],"predecessor-version":[{"id":2829,"href":"https:\/\/www.villa-undine-groemitz.de\/en\/wp-json\/wp\/v2\/pages\/1073\/revisions\/2829"}],"wp:attachment":[{"href":"https:\/\/www.villa-undine-groemitz.de\/en\/wp-json\/wp\/v2\/media?parent=1073"}],"curies":[{"name":"wp","href":"https:\/\/api.w.org\/{rel}","templated":true}]}}